{"id":1604,"date":"2025-06-15T20:06:59","date_gmt":"2025-06-15T20:06:59","guid":{"rendered":"https:\/\/consultveterinar.ro\/?page_id=1604"},"modified":"2025-09-28T19:57:05","modified_gmt":"2025-09-28T19:57:05","slug":"angajare-colaborare","status":"publish","type":"page","link":"https:\/\/consultveterinar.ro\/en\/angajare-colaborare\/","title":{"rendered":"Echipa"},"content":{"rendered":"<div data-elementor-type=\"wp-page\" data-elementor-id=\"1604\" class=\"elementor elementor-1604\">\n\t\t\t\t\t\t\t\t\t<section class=\"elementor-section elementor-top-section elementor-element elementor-element-a8a49b8 elementor-section-boxed elementor-section-height-default elementor-section-height-default elementor-invisible\" data-id=\"a8a49b8\" data-element_type=\"section\" data-settings=\"{&quot;animation&quot;:&quot;fadeInDown&quot;}\">\n\t\t\t\t\t\t<div class=\"elementor-container elementor-column-gap-default\">\n\t\t\t\t\t<div class=\"elementor-column elementor-col-100 elementor-top-column elementor-element elementor-element-6c31ae5\" data-id=\"6c31ae5\" data-element_type=\"column\">\n\t\t\t<div class=\"elementor-widget-wrap elementor-element-populated\">\n\t\t\t\t\t\t\t\t<div class=\"elementor-element elementor-element-03f2ad7 elementor-widget elementor-widget-text-editor\" data-id=\"03f2ad7\" data-element_type=\"widget\" data-widget_type=\"text-editor.default\">\n\t\t\t\t<div class=\"elementor-widget-container\">\n\t\t\t<style>\/*! elementor - v3.18.0 - 08-12-2023 *\/\n.elementor-widget-text-editor.elementor-drop-cap-view-stacked .elementor-drop-cap{background-color:#69727d;color:#fff}.elementor-widget-text-editor.elementor-drop-cap-view-framed .elementor-drop-cap{color:#69727d;border:3px solid;background-color:transparent}.elementor-widget-text-editor:not(.elementor-drop-cap-view-default) .elementor-drop-cap{margin-top:8px}.elementor-widget-text-editor:not(.elementor-drop-cap-view-default) .elementor-drop-cap-letter{width:1em;height:1em}.elementor-widget-text-editor .elementor-drop-cap{float:left;text-align:center;line-height:1;font-size:50px}.elementor-widget-text-editor .elementor-drop-cap-letter{display:inline-block}<\/style>\t\t\t\t<p><strong>Iti doresti sa faci parte din echipa\u00a0<em>Zen Vet<\/em>?<\/strong><\/p>\t\t\t\t\t\t<\/div>\n\t\t\t\t<\/div>\n\t\t\t\t\t<\/div>\n\t\t<\/div>\n\t\t\t\t\t\t\t<\/div>\n\t\t<\/section>\n\t\t\t\t<section class=\"elementor-section elementor-top-section elementor-element elementor-element-de9236a elementor-section-boxed elementor-section-height-default elementor-section-height-default elementor-invisible\" data-id=\"de9236a\" data-element_type=\"section\" data-settings=\"{&quot;background_background&quot;:&quot;classic&quot;,&quot;animation&quot;:&quot;fadeInLeft&quot;,&quot;animation_tablet&quot;:&quot;fadeInUp&quot;}\">\n\t\t\t\t\t\t<div class=\"elementor-container elementor-column-gap-default\">\n\t\t\t\t\t<div class=\"elementor-column elementor-col-100 elementor-top-column elementor-element elementor-element-9fd7359\" data-id=\"9fd7359\" data-element_type=\"column\">\n\t\t\t<div class=\"elementor-widget-wrap elementor-element-populated\">\n\t\t\t\t\t\t\t\t<div class=\"elementor-element elementor-element-018a894 elementor-widget elementor-widget-image\" data-id=\"018a894\" data-element_type=\"widget\" data-widget_type=\"image.default\">\n\t\t\t\t<div class=\"elementor-widget-container\">\n\t\t\t<style>\/*! elementor - v3.18.0 - 08-12-2023 *\/\n.elementor-widget-image{text-align:center}.elementor-widget-image a{display:inline-block}.elementor-widget-image a img[src$=\".svg\"]{width:48px}.elementor-widget-image img{vertical-align:middle;display:inline-block}<\/style>\t\t\t\t\t\t\t\t\t\t\t\t<img fetchpriority=\"high\" decoding=\"async\" width=\"768\" height=\"512\" src=\"https:\/\/consultveterinar.ro\/wp-content\/uploads\/2025\/06\/Colegi-768x512.png\" class=\"attachment-medium_large size-medium_large wp-image-1630\" alt=\"\" srcset=\"https:\/\/consultveterinar.ro\/wp-content\/uploads\/2025\/06\/Colegi-768x512.png 768w, https:\/\/consultveterinar.ro\/wp-content\/uploads\/2025\/06\/Colegi-300x200.png 300w, https:\/\/consultveterinar.ro\/wp-content\/uploads\/2025\/06\/Colegi-1024x683.png 1024w, https:\/\/consultveterinar.ro\/wp-content\/uploads\/2025\/06\/Colegi-18x12.png 18w, https:\/\/consultveterinar.ro\/wp-content\/uploads\/2025\/06\/elementor\/thumbs\/Colegi-r7d0w6kqsxt3b54q5wnoqjt33wr875s9qejijf7zm0.png 750w, https:\/\/consultveterinar.ro\/wp-content\/uploads\/2025\/06\/Colegi.png 1536w\" sizes=\"(max-width: 768px) 100vw, 768px\" \/>\t\t\t\t\t\t\t\t\t\t\t\t\t\t\t<\/div>\n\t\t\t\t<\/div>\n\t\t\t\t\t<\/div>\n\t\t<\/div>\n\t\t\t\t\t\t\t<\/div>\n\t\t<\/section>\n\t\t\t\t<section class=\"elementor-section elementor-top-section elementor-element elementor-element-bf26ca4 elementor-section-boxed elementor-section-height-default elementor-section-height-default\" data-id=\"bf26ca4\" data-element_type=\"section\">\n\t\t\t\t\t\t<div class=\"elementor-container elementor-column-gap-no\">\n\t\t\t\t\t<div class=\"elementor-column elementor-col-100 elementor-top-column elementor-element elementor-element-1f26f3d elementor-invisible\" data-id=\"1f26f3d\" data-element_type=\"column\" data-settings=\"{&quot;animation&quot;:&quot;fadeInLeft&quot;,&quot;animation_tablet&quot;:&quot;fadeInUp&quot;}\">\n\t\t\t<div class=\"elementor-widget-wrap elementor-element-populated\">\n\t\t\t\t\t\t\t\t<div class=\"elementor-element elementor-element-88dbb48 elementor-widget elementor-widget-text-editor\" data-id=\"88dbb48\" data-element_type=\"widget\" data-widget_type=\"text-editor.default\">\n\t\t\t\t<div class=\"elementor-widget-container\">\n\t\t\t\t\t\t\t<p><strong><span class=\"x1xsqp64 xiy17q3 x1o6pynw x19co3pv xdj266r xjn30re xat24cr x1hb08if x2b8uid\" data-testid=\"emoji\"><span class=\"xexx8yu xcaqkgz x18d9i69 xbwkkl7 x3jgonx x1bhl96m\">\ud83d\udd0d <\/span><\/span>Lucram si colaboram cu colegi dedicati, empatici si pasionati\u2757Fie ca esti<\/strong>\u00a0<strong>medic veterinar<\/strong>, <strong>tehnician<\/strong> sau <strong>asistent veterinar, daca\u00a0vrei s\u0103 afli mai multe despre noi sau despre cum am putea colabora, te invit\u0103m s\u0103 ne contactezi\u2757<\/strong><\/p><p>\u2049\ufe0f Ce trebuie sa faci:<br \/>\ud83d\udce9 Trimite CV-ul tau la adresa hr@consultveterinar.ro<br \/>\u2709\ufe0fIn e-mail, te rugam sa specifici:<br \/>&#8211; daca esti interesat(a) de o pozitie in echipa noastra<br \/>&#8211; sau daca doresti un schimb de experienta<br \/>\ud83d\udcc6 Men\u021bioneaza perioada in care esti disponibil(a) sau perioada pentru care iti doresti colaborarea.<\/p><p><strong>\u2049<\/strong><strong>\ufe0f Ce urmeaza din partea noastra:<\/strong><br \/>\u2714\ufe0f Verificam disponibilitatea pozitiilor sau perioadelor propuse.<br \/>\u2714\ufe0f Revenim catre tine cat mai curand posibil cu un raspuns<\/p>\t\t\t\t\t\t<\/div>\n\t\t\t\t<\/div>\n\t\t\t\t\t<\/div>\n\t\t<\/div>\n\t\t\t\t\t\t\t<\/div>\n\t\t<\/section>\n\t\t\t\t<section class=\"elementor-section elementor-top-section elementor-element elementor-element-a753419 elementor-section-boxed elementor-section-height-default elementor-section-height-default elementor-invisible\" data-id=\"a753419\" data-element_type=\"section\" data-settings=\"{&quot;background_background&quot;:&quot;classic&quot;,&quot;animation&quot;:&quot;fadeInLeft&quot;,&quot;animation_tablet&quot;:&quot;fadeInUp&quot;}\">\n\t\t\t\t\t\t<div class=\"elementor-container elementor-column-gap-default\">\n\t\t\t\t\t<div class=\"elementor-column elementor-col-100 elementor-top-column elementor-element elementor-element-f260e9b\" data-id=\"f260e9b\" data-element_type=\"column\">\n\t\t\t<div class=\"elementor-widget-wrap elementor-element-populated\">\n\t\t\t\t\t\t\t\t<div class=\"elementor-element elementor-element-a4ac6cc elementor-widget elementor-widget-heading\" data-id=\"a4ac6cc\" data-element_type=\"widget\" data-widget_type=\"heading.default\">\n\t\t\t\t<div class=\"elementor-widget-container\">\n\t\t\t<style>\/*! elementor - v3.18.0 - 08-12-2023 *\/\n.elementor-heading-title{padding:0;margin:0;line-height:1}.elementor-widget-heading .elementor-heading-title[class*=elementor-size-]>a{color:inherit;font-size:inherit;line-height:inherit}.elementor-widget-heading .elementor-heading-title.elementor-size-small{font-size:15px}.elementor-widget-heading .elementor-heading-title.elementor-size-medium{font-size:19px}.elementor-widget-heading .elementor-heading-title.elementor-size-large{font-size:29px}.elementor-widget-heading .elementor-heading-title.elementor-size-xl{font-size:39px}.elementor-widget-heading .elementor-heading-title.elementor-size-xxl{font-size:59px}<\/style><h2 class=\"elementor-heading-title elementor-size-default\">Anunturi active:<\/h2>\t\t<\/div>\n\t\t\t\t<\/div>\n\t\t\t\t\t<\/div>\n\t\t<\/div>\n\t\t\t\t\t\t\t<\/div>\n\t\t<\/section>\n\t\t\t\t<section class=\"elementor-section elementor-top-section elementor-element elementor-element-52fbeaf elementor-section-boxed elementor-section-height-default elementor-section-height-default\" data-id=\"52fbeaf\" data-element_type=\"section\">\n\t\t\t\t\t\t<div class=\"elementor-container elementor-column-gap-no\">\n\t\t\t\t\t<div class=\"elementor-column elementor-col-100 elementor-top-column elementor-element elementor-element-d986848 elementor-invisible\" data-id=\"d986848\" data-element_type=\"column\" data-settings=\"{&quot;animation&quot;:&quot;fadeInLeft&quot;,&quot;animation_tablet&quot;:&quot;fadeInUp&quot;}\">\n\t\t\t<div class=\"elementor-widget-wrap elementor-element-populated\">\n\t\t\t\t\t\t\t\t<div class=\"elementor-element elementor-element-e76c48d elementor-widget elementor-widget-text-editor\" data-id=\"e76c48d\" data-element_type=\"widget\" data-widget_type=\"text-editor.default\">\n\t\t\t\t<div class=\"elementor-widget-container\">\n\t\t\t\t\t\t\t<p><b><img decoding=\"async\" class=\"xz74otr x15mokao x1ga7v0g x16uus16 xbiv7yw\" src=\"https:\/\/static.xx.fbcdn.net\/images\/emoji.php\/v9\/t39\/1\/16\/1f4e2.png\" alt=\"\ud83d\udce2\" width=\"16\" height=\"16\" \/> La acest moment, nu exista anunturi active<img decoding=\"async\" class=\"xz74otr x15mokao x1ga7v0g x16uus16 xbiv7yw\" src=\"https:\/\/static.xx.fbcdn.net\/images\/emoji.php\/v9\/t50\/1\/16\/2757.png\" alt=\"\u2757\" width=\"16\" height=\"16\" \/><\/b><\/p>\n<p><b><span class=\"html-span xexx8yu xyri2b x18d9i69 x1c1uobl x1hl2dhg x16tdsg8 x1vvkbs x3nfvp2 x1j61x8r x1fcty0u xdj266r xat24cr xm2jcoa x1mpyi22 xxymvpz xlup9mm x1kky2od\"><img loading=\"lazy\" decoding=\"async\" class=\"xz74otr x15mokao x1ga7v0g x16uus16 xbiv7yw\" src=\"https:\/\/static.xx.fbcdn.net\/images\/emoji.php\/v9\/t33\/1\/16\/2705.png\" alt=\"\u2705\" width=\"16\" height=\"16\" \/> <\/span>Urmareste aceasta sectiune a <a href=\"https:\/\/consultveterinar.ro\/en\/angajare-colaborare\/\">site-ului<\/a> nostru sau <a href=\"http:\/\/www.facebook.com\/consultveterinar\">pagina oficiala de Facebook<\/a> pentru a fi la curent cu toate noutatile si oportunitatile viitoare<img decoding=\"async\" class=\"xz74otr x15mokao x1ga7v0g x16uus16 xbiv7yw\" src=\"https:\/\/static.xx.fbcdn.net\/images\/emoji.php\/v9\/t50\/1\/16\/2757.png\" alt=\"\u2757\" width=\"16\" height=\"16\" \/><\/b><\/p>\t\t\t\t\t\t<\/div>\n\t\t\t\t<\/div>\n\t\t\t\t\t<\/div>\n\t\t<\/div>\n\t\t\t\t\t\t\t<\/div>\n\t\t<\/section>\n\t\t\t\t<section class=\"elementor-section elementor-top-section elementor-element elementor-element-6d37f1f8 elementor-section-boxed elementor-section-height-default elementor-section-height-default elementor-invisible\" data-id=\"6d37f1f8\" data-element_type=\"section\" data-settings=\"{&quot;background_background&quot;:&quot;classic&quot;,&quot;animation&quot;:&quot;fadeInUp&quot;}\">\n\t\t\t\t\t\t<div class=\"elementor-container elementor-column-gap-default\">\n\t\t\t\t\t<div class=\"elementor-column elementor-col-50 elementor-top-column elementor-element elementor-element-78abc10a\" data-id=\"78abc10a\" data-element_type=\"column\">\n\t\t\t<div class=\"elementor-widget-wrap elementor-element-populated\">\n\t\t\t\t\t\t\t\t<div class=\"elementor-element elementor-element-294acf8b elementor-widget elementor-widget-heading\" data-id=\"294acf8b\" data-element_type=\"widget\" data-widget_type=\"heading.default\">\n\t\t\t\t<div class=\"elementor-widget-container\">\n\t\t\t<h2 class=\"elementor-heading-title elementor-size-default\">Do you have questions or want to make an appointment? Call us!<\/h2>\t\t<\/div>\n\t\t\t\t<\/div>\n\t\t\t\t\t<\/div>\n\t\t<\/div>\n\t\t\t\t<div class=\"elementor-column elementor-col-50 elementor-top-column elementor-element elementor-element-32f950a0\" data-id=\"32f950a0\" data-element_type=\"column\">\n\t\t\t<div class=\"elementor-widget-wrap elementor-element-populated\">\n\t\t\t\t\t\t\t\t<div class=\"elementor-element elementor-element-76dbb919 elementor-align-center elementor-widget elementor-widget-button\" data-id=\"76dbb919\" data-element_type=\"widget\" data-widget_type=\"button.default\">\n\t\t\t\t<div class=\"elementor-widget-container\">\n\t\t\t\t\t<div class=\"elementor-button-wrapper\">\n\t\t\t<a class=\"elementor-button elementor-button-link elementor-size-lg\" href=\"https:\/\/consultveterinar.ro\/en\/contact\/\">\n\t\t\t\t\t\t<span class=\"elementor-button-content-wrapper\">\n\t\t\t\t\t\t<span class=\"elementor-button-icon elementor-align-icon-left\">\n\t\t\t\t<i aria-hidden=\"true\" class=\"icon icon-contact\"><\/i>\t\t\t<\/span>\n\t\t\t\t\t\t<span class=\"elementor-button-text\">Contact<\/span>\n\t\t<\/span>\n\t\t\t\t\t<\/a>\n\t\t<\/div>\n\t\t\t\t<\/div>\n\t\t\t\t<\/div>\n\t\t\t\t\t<\/div>\n\t\t<\/div>\n\t\t\t\t\t\t\t<\/div>\n\t\t<\/section>\n\t\t\t\t\t\t\t<\/div>","protected":false},"excerpt":{"rendered":"<p>Iti doresti sa faci parte din echipa\u00a0Zen Vet? \ud83d\udd0d Lucram si colaboram cu colegi dedicati, empatici si pasionati\u2757Fie ca esti\u00a0medic veterinar, tehnician sau asistent veterinar, daca\u00a0vrei s\u0103 afli mai multe despre noi sau despre cum am putea colabora, te invit\u0103m s\u0103 ne contactezi\u2757 \u2049\ufe0f Ce trebuie sa faci:\ud83d\udce9 Trimite CV-ul tau la adresa hr@consultveterinar.ro\u2709\ufe0fIn e-mail, [&hellip;]<\/p>","protected":false},"author":1,"featured_media":0,"parent":0,"menu_order":0,"comment_status":"closed","ping_status":"closed","template":"elementor_header_footer","meta":{"footnotes":""},"class_list":["post-1604","page","type-page","status-publish","hentry","entry"],"_links":{"self":[{"href":"https:\/\/consultveterinar.ro\/en\/wp-json\/wp\/v2\/pages\/1604","targetHints":{"allow":["GET"]}}],"collection":[{"href":"https:\/\/consultveterinar.ro\/en\/wp-json\/wp\/v2\/pages"}],"about":[{"href":"https:\/\/consultveterinar.ro\/en\/wp-json\/wp\/v2\/types\/page"}],"author":[{"embeddable":true,"href":"https:\/\/consultveterinar.ro\/en\/wp-json\/wp\/v2\/users\/1"}],"replies":[{"embeddable":true,"href":"https:\/\/consultveterinar.ro\/en\/wp-json\/wp\/v2\/comments?post=1604"}],"version-history":[{"count":44,"href":"https:\/\/consultveterinar.ro\/en\/wp-json\/wp\/v2\/pages\/1604\/revisions"}],"predecessor-version":[{"id":1680,"href":"https:\/\/consultveterinar.ro\/en\/wp-json\/wp\/v2\/pages\/1604\/revisions\/1680"}],"wp:attachment":[{"href":"https:\/\/consultveterinar.ro\/en\/wp-json\/wp\/v2\/media?parent=1604"}],"curies":[{"name":"wp","href":"https:\/\/api.w.org\/{rel}","templated":true}]}}