{"id":1697,"date":"2025-09-28T20:33:01","date_gmt":"2025-09-28T20:33:01","guid":{"rendered":"https:\/\/consultveterinar.ro\/?page_id=1697"},"modified":"2025-10-12T18:26:37","modified_gmt":"2025-10-12T18:26:37","slug":"noutati","status":"publish","type":"page","link":"https:\/\/consultveterinar.ro\/en\/noutati\/","title":{"rendered":"Noutati"},"content":{"rendered":"<div data-elementor-type=\"wp-page\" data-elementor-id=\"1697\" class=\"elementor elementor-1697\">\n\t\t\t\t\t\t\t\t\t<section class=\"elementor-section elementor-top-section elementor-element elementor-element-bafb9c2 elementor-section-boxed elementor-section-height-default elementor-section-height-default elementor-invisible\" data-id=\"bafb9c2\" data-element_type=\"section\" data-settings=\"{&quot;background_background&quot;:&quot;classic&quot;,&quot;animation&quot;:&quot;fadeInRight&quot;}\">\n\t\t\t\t\t\t<div class=\"elementor-container elementor-column-gap-default\">\n\t\t\t\t\t<div class=\"elementor-column elementor-col-50 elementor-top-column elementor-element elementor-element-e50c2ee\" data-id=\"e50c2ee\" data-element_type=\"column\" data-settings=\"{&quot;background_background&quot;:&quot;classic&quot;}\">\n\t\t\t<div class=\"elementor-widget-wrap elementor-element-populated\">\n\t\t\t\t\t\t\t\t<div class=\"elementor-element elementor-element-3b95e64 elementor-widget elementor-widget-image\" data-id=\"3b95e64\" data-element_type=\"widget\" data-widget_type=\"image.default\">\n\t\t\t\t<div class=\"elementor-widget-container\">\n\t\t\t<style>\/*! elementor - v3.18.0 - 08-12-2023 *\/\n.elementor-widget-image{text-align:center}.elementor-widget-image a{display:inline-block}.elementor-widget-image a img[src$=\".svg\"]{width:48px}.elementor-widget-image img{vertical-align:middle;display:inline-block}<\/style>\t\t\t\t\t\t\t\t\t\t\t\t\t<a href=\"https:\/\/sindicatulaspci.ro\/parteneriat-cu-clinica-veterinara-zen-vet\/?fbclid=IwY2xjawNVw5BleHRuA2FlbQIxMQABHlEOVx_WNthYkdTwRsjoeQro78L_0qRa-GTsfADMNkxAsmYkCWqsFtV2DnmM_aem_lZoCMo8TTv1XkA2YpanRCw\" target=\"_blank\">\n\t\t\t\t\t\t\t<img decoding=\"async\" width=\"276\" height=\"70\" src=\"https:\/\/consultveterinar.ro\/wp-content\/uploads\/2025\/10\/WhatsApp-Image-2025-10-08-at-16.38.10.jpeg\" class=\"attachment-medium size-medium wp-image-1739\" alt=\"\" srcset=\"https:\/\/consultveterinar.ro\/wp-content\/uploads\/2025\/10\/WhatsApp-Image-2025-10-08-at-16.38.10.jpeg 276w, https:\/\/consultveterinar.ro\/wp-content\/uploads\/2025\/10\/WhatsApp-Image-2025-10-08-at-16.38.10-18x5.jpeg 18w\" sizes=\"(max-width: 276px) 100vw, 276px\" \/>\t\t\t\t\t\t\t\t<\/a>\n\t\t\t\t\t\t\t\t\t\t\t\t\t\t\t<\/div>\n\t\t\t\t<\/div>\n\t\t\t\t\t<\/div>\n\t\t<\/div>\n\t\t\t\t<div class=\"elementor-column elementor-col-50 elementor-top-column elementor-element elementor-element-6fe9265\" data-id=\"6fe9265\" data-element_type=\"column\">\n\t\t\t<div class=\"elementor-widget-wrap elementor-element-populated\">\n\t\t\t\t\t\t\t\t<div class=\"elementor-element elementor-element-ffd16a5 elementor-widget__width-initial elementor-widget elementor-widget-text-editor\" data-id=\"ffd16a5\" data-element_type=\"widget\" data-widget_type=\"text-editor.default\">\n\t\t\t\t<div class=\"elementor-widget-container\">\n\t\t\t<style>\/*! elementor - v3.18.0 - 08-12-2023 *\/\n.elementor-widget-text-editor.elementor-drop-cap-view-stacked .elementor-drop-cap{background-color:#69727d;color:#fff}.elementor-widget-text-editor.elementor-drop-cap-view-framed .elementor-drop-cap{color:#69727d;border:3px solid;background-color:transparent}.elementor-widget-text-editor:not(.elementor-drop-cap-view-default) .elementor-drop-cap{margin-top:8px}.elementor-widget-text-editor:not(.elementor-drop-cap-view-default) .elementor-drop-cap-letter{width:1em;height:1em}.elementor-widget-text-editor .elementor-drop-cap{float:left;text-align:center;line-height:1;font-size:50px}.elementor-widget-text-editor .elementor-drop-cap-letter{display:inline-block}<\/style>\t\t\t\t<div class=\"xdj266r x14z9mp xat24cr x1lziwak x1vvkbs x126k92a\"><div dir=\"auto\"><p><strong>Parteneriat nou cu Sindicatul Asisten\u021bei Sociale \u0219i Protec\u021biei Copilului Ia\u0219i<\/strong><\/p><p data-start=\"239\" data-end=\"433\">\u00cencep\u00e2nd cu luna <strong data-start=\"256\" data-end=\"274\">octombrie 2025<\/strong>, am \u00eencheiat un <strong data-start=\"298\" data-end=\"375\">parteneriat cu <a href=\"https:\/\/sindicatulaspci.ro\/parteneriat-cu-clinica-veterinara-zen-vet\/?fbclid=IwY2xjawNVw5BleHRuA2FlbQIxMQABHlEOVx_WNthYkdTwRsjoeQro78L_0qRa-GTsfADMNkxAsmYkCWqsFtV2DnmM_aem_lZoCMo8TTv1XkA2YpanRCw\" target=\"_blank\" rel=\"noopener\">Sindicatul Asisten\u021bei Sociale \u0219i Protec\u021biei Copilului Ia\u0219i<\/a><\/strong>, oferind <strong data-start=\"385\" data-end=\"408\">beneficii exclusive<\/strong> pentru membrii acestuia.<\/p><p data-start=\"435\" data-end=\"635\">Prin acest parteneriat, membrii sindicatului beneficiaz\u0103 de <strong data-start=\"495\" data-end=\"530\">servicii veterinare de calitate<\/strong>, stabilite prin acordul de colaborare, pentru anim\u0103lu\u021bele lor de companie.<\/p><p data-start=\"637\" data-end=\"912\">Pentru noi, <strong data-start=\"649\" data-end=\"701\">s\u0103n\u0103tatea \u0219i fericirea micilor no\u0219tri companioni<\/strong> sunt la fel de importante ca ale familiei. Ne bucur\u0103m s\u0103 putem oferi acest beneficiu care aduce un plus de <strong data-start=\"809\" data-end=\"840\">siguran\u021b\u0103, confort \u0219i grij\u0103<\/strong> pentru fiecare membru al sindicatului \u0219i companionii lor necuv\u00e2nt\u0103tori.<\/p><p data-start=\"914\" data-end=\"1075\"><strong data-start=\"917\" data-end=\"996\">Consulta\u021biile \u0219i tratamentele se realizeaz\u0103 exclusiv pe baz\u0103 de programare.<\/strong><br data-start=\"996\" data-end=\"999\" \/>Pentru mai multe detalii, accesa\u021bi linkul de mai jos:<br data-start=\"1052\" data-end=\"1055\" \/>\u27a1\ufe0f <a class=\"decorated-link\" href=\"https:\/\/sindicatulaspci.ro\/parteneriat-cu-clinica-veterinara-zen-vet\/?fbclid=IwY2xjawNVw5BleHRuA2FlbQIxMQABHlEOVx_WNthYkdTwRsjoeQro78L_0qRa-GTsfADMNkxAsmYkCWqsFtV2DnmM_aem_lZoCMo8TTv1XkA2YpanRCw\" target=\"_blank\" rel=\"noopener\" data-start=\"1058\" data-end=\"1075\">Vezi detalii<\/a><\/p><\/div><\/div><div dir=\"auto\">\u00a0<\/div>\t\t\t\t\t\t<\/div>\n\t\t\t\t<\/div>\n\t\t\t\t\t<\/div>\n\t\t<\/div>\n\t\t\t\t\t\t\t<\/div>\n\t\t<\/section>\n\t\t\t\t<section class=\"elementor-section elementor-top-section elementor-element elementor-element-813a1be elementor-section-boxed elementor-section-height-default elementor-section-height-default elementor-invisible\" data-id=\"813a1be\" data-element_type=\"section\" data-settings=\"{&quot;background_background&quot;:&quot;classic&quot;,&quot;animation&quot;:&quot;fadeInRight&quot;}\">\n\t\t\t\t\t\t<div class=\"elementor-container elementor-column-gap-default\">\n\t\t\t\t\t<div class=\"elementor-column elementor-col-50 elementor-top-column elementor-element elementor-element-22fe3eb\" data-id=\"22fe3eb\" data-element_type=\"column\">\n\t\t\t<div class=\"elementor-widget-wrap elementor-element-populated\">\n\t\t\t\t\t\t\t\t<div class=\"elementor-element elementor-element-496409d elementor-widget__width-initial elementor-widget elementor-widget-text-editor\" data-id=\"496409d\" data-element_type=\"widget\" data-widget_type=\"text-editor.default\">\n\t\t\t\t<div class=\"elementor-widget-container\">\n\t\t\t\t\t\t\t<p><a href=\"https:\/\/www.facebook.com\/media\/set?set=a.1300278485129767&amp;type=3\" target=\"_blank\" rel=\"noopener\">Co\u0219ule\u021bul cu pisici<\/a><\/p><div class=\"xdj266r x14z9mp xat24cr x1lziwak x1vvkbs x126k92a\"><div dir=\"auto\">Co\u0219ule\u021bul cu pisici \u2013 un col\u021b nou pe pagina noastr\u0103 de facebook, dedicat adop\u021biilor responsabile!\u00a0\u00cen acest album ve\u021bi g\u0103si suflete care \u00ee\u0219i caut\u0103 o familie.<\/div><\/div><div class=\"x14z9mp xat24cr x1lziwak x1vvkbs xtlvy1s x126k92a\"><div dir=\"auto\">\u00a0<\/div><div dir=\"auto\">Pentru fiecare caz, v\u0103 rug\u0103m s\u0103 lua\u021bi leg\u0103tura direct cu persoana indicat\u0103 \u00een postare!<\/div><\/div><div class=\"x14z9mp xat24cr x1lziwak x1vvkbs xtlvy1s x126k92a\"><div dir=\"auto\">\u00a0<\/div><div dir=\"auto\"><p data-start=\"546\" data-end=\"751\">Pute\u021bi vedea toate cazurile din album, cu actualizarea zilnic\u0103 a statusului de adop\u021bie pentru fiecare animal, acces\u00e2nd linkul de mai jos:<br data-start=\"683\" data-end=\"686\" \/><a href=\"https:\/\/www.facebook.com\/media\/set?set=a.1300278485129767&amp;type=3\" target=\"_blank\" rel=\"noopener\">\ud83d\udc49 Vezi albumul \u201eCo\u0219ule\u021bul cu pisici\u201d pe Facebook<\/a><\/p><p data-start=\"753\" data-end=\"901\"><strong data-start=\"753\" data-end=\"767\">Important:<\/strong> \u00cenainte de a adopta, re\u021bine\u021bi c\u0103 noul proprietar are obliga\u021bia de a <strong data-start=\"836\" data-end=\"849\">steriliza<\/strong> \u0219i de a <strong data-start=\"858\" data-end=\"883\">\u00eengriji corespunz\u0103tor<\/strong> noul companion!<\/p><\/div><\/div>\t\t\t\t\t\t<\/div>\n\t\t\t\t<\/div>\n\t\t\t\t\t<\/div>\n\t\t<\/div>\n\t\t\t\t<div class=\"elementor-column elementor-col-50 elementor-top-column elementor-element elementor-element-8c6a5dc\" data-id=\"8c6a5dc\" data-element_type=\"column\" data-settings=\"{&quot;background_background&quot;:&quot;classic&quot;}\">\n\t\t\t<div class=\"elementor-widget-wrap elementor-element-populated\">\n\t\t\t\t\t\t\t\t<div class=\"elementor-element elementor-element-9e89b0b elementor-widget elementor-widget-image\" data-id=\"9e89b0b\" data-element_type=\"widget\" data-widget_type=\"image.default\">\n\t\t\t\t<div class=\"elementor-widget-container\">\n\t\t\t\t\t\t\t\t\t\t\t\t\t\t\t\t<a href=\"https:\/\/www.facebook.com\/media\/set?set=a.1300278485129767&#038;type=3\" target=\"_blank\">\n\t\t\t\t\t\t\t<img fetchpriority=\"high\" decoding=\"async\" width=\"200\" height=\"300\" src=\"https:\/\/consultveterinar.ro\/wp-content\/uploads\/2025\/09\/ChatGPT-Image-28-sept.-2025-22_59_26-200x300.png\" class=\"attachment-medium size-medium wp-image-1683\" alt=\"\" srcset=\"https:\/\/consultveterinar.ro\/wp-content\/uploads\/2025\/09\/ChatGPT-Image-28-sept.-2025-22_59_26-200x300.png 200w, https:\/\/consultveterinar.ro\/wp-content\/uploads\/2025\/09\/ChatGPT-Image-28-sept.-2025-22_59_26-683x1024.png 683w, https:\/\/consultveterinar.ro\/wp-content\/uploads\/2025\/09\/ChatGPT-Image-28-sept.-2025-22_59_26-768x1152.png 768w, https:\/\/consultveterinar.ro\/wp-content\/uploads\/2025\/09\/ChatGPT-Image-28-sept.-2025-22_59_26-8x12.png 8w, https:\/\/consultveterinar.ro\/wp-content\/uploads\/2025\/09\/ChatGPT-Image-28-sept.-2025-22_59_26.png 1024w\" sizes=\"(max-width: 200px) 100vw, 200px\" \/>\t\t\t\t\t\t\t\t<\/a>\n\t\t\t\t\t\t\t\t\t\t\t\t\t\t\t<\/div>\n\t\t\t\t<\/div>\n\t\t\t\t\t<\/div>\n\t\t<\/div>\n\t\t\t\t\t\t\t<\/div>\n\t\t<\/section>\n\t\t\t\t<section class=\"elementor-section elementor-top-section elementor-element elementor-element-5cea72ed elementor-section-boxed elementor-section-height-default elementor-section-height-default elementor-invisible\" data-id=\"5cea72ed\" data-element_type=\"section\" data-settings=\"{&quot;background_background&quot;:&quot;classic&quot;,&quot;animation&quot;:&quot;fadeInUp&quot;}\">\n\t\t\t\t\t\t<div class=\"elementor-container elementor-column-gap-default\">\n\t\t\t\t\t<div class=\"elementor-column elementor-col-50 elementor-top-column elementor-element elementor-element-459ba8a6\" data-id=\"459ba8a6\" data-element_type=\"column\">\n\t\t\t<div class=\"elementor-widget-wrap elementor-element-populated\">\n\t\t\t\t\t\t\t\t<div class=\"elementor-element elementor-element-54d06f51 elementor-widget elementor-widget-heading\" data-id=\"54d06f51\" data-element_type=\"widget\" data-widget_type=\"heading.default\">\n\t\t\t\t<div class=\"elementor-widget-container\">\n\t\t\t<style>\/*! elementor - v3.18.0 - 08-12-2023 *\/\n.elementor-heading-title{padding:0;margin:0;line-height:1}.elementor-widget-heading .elementor-heading-title[class*=elementor-size-]>a{color:inherit;font-size:inherit;line-height:inherit}.elementor-widget-heading .elementor-heading-title.elementor-size-small{font-size:15px}.elementor-widget-heading .elementor-heading-title.elementor-size-medium{font-size:19px}.elementor-widget-heading .elementor-heading-title.elementor-size-large{font-size:29px}.elementor-widget-heading .elementor-heading-title.elementor-size-xl{font-size:39px}.elementor-widget-heading .elementor-heading-title.elementor-size-xxl{font-size:59px}<\/style><h2 class=\"elementor-heading-title elementor-size-default\">Do you have questions or want to make an appointment? Call us!<\/h2>\t\t<\/div>\n\t\t\t\t<\/div>\n\t\t\t\t\t<\/div>\n\t\t<\/div>\n\t\t\t\t<div class=\"elementor-column elementor-col-50 elementor-top-column elementor-element elementor-element-388179dd\" data-id=\"388179dd\" data-element_type=\"column\">\n\t\t\t<div class=\"elementor-widget-wrap elementor-element-populated\">\n\t\t\t\t\t\t\t\t<div class=\"elementor-element elementor-element-1167938c elementor-align-center elementor-widget elementor-widget-button\" data-id=\"1167938c\" data-element_type=\"widget\" data-widget_type=\"button.default\">\n\t\t\t\t<div class=\"elementor-widget-container\">\n\t\t\t\t\t<div class=\"elementor-button-wrapper\">\n\t\t\t<a class=\"elementor-button elementor-button-link elementor-size-lg\" href=\"https:\/\/consultveterinar.ro\/en\/contact\/\">\n\t\t\t\t\t\t<span class=\"elementor-button-content-wrapper\">\n\t\t\t\t\t\t<span class=\"elementor-button-icon elementor-align-icon-left\">\n\t\t\t\t<i aria-hidden=\"true\" class=\"icon icon-contact\"><\/i>\t\t\t<\/span>\n\t\t\t\t\t\t<span class=\"elementor-button-text\">Contact<\/span>\n\t\t<\/span>\n\t\t\t\t\t<\/a>\n\t\t<\/div>\n\t\t\t\t<\/div>\n\t\t\t\t<\/div>\n\t\t\t\t\t<\/div>\n\t\t<\/div>\n\t\t\t\t\t\t\t<\/div>\n\t\t<\/section>\n\t\t\t\t\t\t\t<\/div>","protected":false},"excerpt":{"rendered":"<p>Parteneriat nou cu Sindicatul Asisten\u021bei Sociale \u0219i Protec\u021biei Copilului Ia\u0219i \u00cencep\u00e2nd cu luna octombrie 2025, am \u00eencheiat un parteneriat cu Sindicatul Asisten\u021bei Sociale \u0219i Protec\u021biei Copilului Ia\u0219i, oferind beneficii exclusive pentru membrii acestuia. Prin acest parteneriat, membrii sindicatului beneficiaz\u0103 de servicii veterinare de calitate, stabilite prin acordul de colaborare, pentru anim\u0103lu\u021bele lor de companie. Pentru [&hellip;]<\/p>","protected":false},"author":1,"featured_media":0,"parent":0,"menu_order":0,"comment_status":"closed","ping_status":"closed","template":"elementor_header_footer","meta":{"footnotes":""},"class_list":["post-1697","page","type-page","status-publish","hentry","entry"],"_links":{"self":[{"href":"https:\/\/consultveterinar.ro\/en\/wp-json\/wp\/v2\/pages\/1697","targetHints":{"allow":["GET"]}}],"collection":[{"href":"https:\/\/consultveterinar.ro\/en\/wp-json\/wp\/v2\/pages"}],"about":[{"href":"https:\/\/consultveterinar.ro\/en\/wp-json\/wp\/v2\/types\/page"}],"author":[{"embeddable":true,"href":"https:\/\/consultveterinar.ro\/en\/wp-json\/wp\/v2\/users\/1"}],"replies":[{"embeddable":true,"href":"https:\/\/consultveterinar.ro\/en\/wp-json\/wp\/v2\/comments?post=1697"}],"version-history":[{"count":55,"href":"https:\/\/consultveterinar.ro\/en\/wp-json\/wp\/v2\/pages\/1697\/revisions"}],"predecessor-version":[{"id":1785,"href":"https:\/\/consultveterinar.ro\/en\/wp-json\/wp\/v2\/pages\/1697\/revisions\/1785"}],"wp:attachment":[{"href":"https:\/\/consultveterinar.ro\/en\/wp-json\/wp\/v2\/media?parent=1697"}],"curies":[{"name":"wp","href":"https:\/\/api.w.org\/{rel}","templated":true}]}}